{"id":19100,"date":"2017-09-18T12:15:58","date_gmt":"2017-09-18T10:15:58","guid":{"rendered":"https:\/\/kamini-bioetanol.si\/upit\/"},"modified":"2024-08-30T15:02:01","modified_gmt":"2024-08-30T13:02:01","slug":"upit","status":"publish","type":"page","link":"https:\/\/kamini-bioetanol.si\/hr\/upit\/","title":{"rendered":"UPIT"},"content":{"rendered":"<p><div class=\"fusion-fullwidth fullwidth-box fusion-builder-row-1 has-pattern-background has-mask-background hundred-percent-fullwidth non-hundred-percent-height-scrolling\" style=\"--awb-background-position:left top;--awb-border-sizes-top:0px;--awb-border-sizes-bottom:0px;--awb-border-sizes-left:0px;--awb-border-sizes-right:0px;--awb-border-radius-top-left:0px;--awb-border-radius-top-right:0px;--awb-border-radius-bottom-right:0px;--awb-border-radius-bottom-left:0px;--awb-padding-top:0px;--awb-padding-right:0px;--awb-padding-bottom:0px;--awb-padding-left:0px;--awb-flex-wrap:wrap;\" ><div class=\"fusion-builder-row fusion-row\"><div class=\"fusion-layout-column fusion_builder_column fusion-builder-column-0 fusion_builder_column_1_1 1_1 fusion-one-full fusion-column-first fusion-column-last\" style=\"--awb-bg-size:cover;\"><div class=\"fusion-column-wrapper fusion-flex-column-wrapper-legacy\"><div class=\"fusion-title title fusion-title-1 fusion-sep-none fusion-title-center fusion-title-text fusion-title-size-two\"><h2 class=\"fusion-title-heading title-heading-center fusion-responsive-typography-calculated\" style=\"margin:0;--fontSize:38;line-height:1.26;\"><p style=\"text-align: center;\">UPIT<\/p><\/h2><\/div><div class=\"fusion-text fusion-text-1\"><p style=\"text-align: center;\"><strong>Rado \u0107emo vam pomo\u0107i u bilo kojem pitanju.<\/strong><\/p>\n<\/div><div class=\"fusion-clearfix\"><\/div><\/div><\/div><\/div><\/div><div class=\"fusion-fullwidth fullwidth-box fusion-builder-row-2 has-pattern-background has-mask-background nonhundred-percent-fullwidth non-hundred-percent-height-scrolling\" style=\"--awb-border-radius-top-left:0px;--awb-border-radius-top-right:0px;--awb-border-radius-bottom-right:0px;--awb-border-radius-bottom-left:0px;--awb-padding-top:10px;--awb-padding-bottom:10px;--awb-flex-wrap:wrap;\" ><div class=\"fusion-builder-row fusion-row\"><div class=\"fusion-layout-column fusion_builder_column fusion-builder-column-1 fusion_builder_column_1_1 1_1 fusion-one-full fusion-column-first fusion-column-last\" style=\"--awb-bg-size:cover;\"><div class=\"fusion-column-wrapper fusion-flex-column-wrapper-legacy\"><div class=\"fusion-content-boxes content-boxes columns row fusion-columns-3 fusion-columns-total-3 fusion-content-boxes-1 content-boxes-clean-vertical content-left content-boxes-icon-on-top\" style=\"--awb-hover-accent-color:#ff6633;--awb-circle-hover-accent-color:#ff6633;\" data-animationOffset=\"top-into-view\"><div style=\"--awb-backgroundcolor:rgba(255,255,255,0);--awb-iconcolor:#ffffff;border-color:rgba(255,255,255,0);\" class=\"fusion-column content-box-column content-box-column content-box-column-1 col-lg-4 col-md-4 col-sm-4 fusion-content-box-hover content-box-column-first-in-row\"><div class=\"col content-box-wrapper content-wrapper link-area-box icon-hover-animation-pulsate\" data-animationOffset=\"top-into-view\"><div class=\"heading heading-with-icon icon-left\"><div class=\"icon\"><i style=\"border-color:#ffffff;border-width:1px;background-color:#ff6633;box-sizing:content-box;height:80px;width:80px;line-height:80px;border-radius:50%;font-size:40px;\" aria-hidden=\"true\" class=\"fontawesome-icon fa fa-map-marker circle-yes\"><\/i><\/div><h2 class=\"content-box-heading fusion-responsive-typography-calculated\" style=\"--h2_typography-font-size:18px;--fontSize:18;line-height:1.26;\">POSJETITE NAS<\/h2><\/div><div class=\"fusion-clearfix\"><\/div><div class=\"content-container\">\n<p style=\"text-align: center;\">Poslovni centar Marina<br \/>\nJadranska cesta 27, 2000 Maribor<\/p>\n<\/div><\/div><\/div><div style=\"--awb-backgroundcolor:rgba(255,255,255,0);--awb-iconcolor:#ffffff;border-color:rgba(255,255,255,0);\" class=\"fusion-column content-box-column content-box-column content-box-column-2 col-lg-4 col-md-4 col-sm-4 fusion-content-box-hover \"><div class=\"col content-box-wrapper content-wrapper link-area-box icon-hover-animation-pulsate\" data-animationOffset=\"top-into-view\"><div class=\"heading heading-with-icon icon-left\"><div class=\"icon\"><i style=\"border-color:#ffffff;border-width:1px;background-color:#ff6633;box-sizing:content-box;height:80px;width:80px;line-height:80px;border-radius:50%;font-size:40px;\" aria-hidden=\"true\" class=\"fontawesome-icon fa fa-envelope circle-yes\"><\/i><\/div><h2 class=\"content-box-heading fusion-responsive-typography-calculated\" style=\"--h2_typography-font-size:18px;--fontSize:18;line-height:1.26;\">PO\u0160ALJITE NAM MAIL<\/h2><\/div><div class=\"fusion-clearfix\"><\/div><div class=\"content-container\">\n<p style=\"text-align: center;\"><a href=\"mailto:info@kamini-bioetanol.si\">info@kamini-bioetanol.si<\/a><\/p>\n<\/div><\/div><\/div><div style=\"--awb-backgroundcolor:rgba(255,255,255,0);--awb-iconcolor:#ffffff;border-color:rgba(255,255,255,0);\" class=\"fusion-column content-box-column content-box-column content-box-column-3 col-lg-4 col-md-4 col-sm-4 fusion-content-box-hover content-box-column-last content-box-column-last-in-row\"><div class=\"col content-box-wrapper content-wrapper link-area-box icon-hover-animation-pulsate\" data-animationOffset=\"top-into-view\"><div class=\"heading heading-with-icon icon-left\"><div class=\"icon\"><i style=\"border-color:#ffffff;border-width:1px;background-color:#ff6633;box-sizing:content-box;height:80px;width:80px;line-height:80px;border-radius:50%;font-size:40px;\" aria-hidden=\"true\" class=\"fontawesome-icon fa-phone fas circle-yes\"><\/i><\/div><h2 class=\"content-box-heading fusion-responsive-typography-calculated\" style=\"--h2_typography-font-size:18px;--fontSize:18;line-height:1.26;\">NAZOVITE NAS<\/h2><\/div><div class=\"fusion-clearfix\"><\/div><div class=\"content-container\">\n<p style=\"text-align: center;\">+386 41 798 154<\/p>\n<\/div><\/div><\/div><div class=\"fusion-clearfix\"><\/div><\/div><div class=\"fusion-clearfix\"><\/div><\/div><\/div><\/div><\/div><div class=\"fusion-fullwidth fullwidth-box fusion-builder-row-3 fusion-flex-container has-pattern-background has-mask-background hundred-percent-fullwidth non-hundred-percent-height-scrolling\" style=\"--awb-border-radius-top-left:0px;--awb-border-radius-top-right:0px;--awb-border-radius-bottom-right:0px;--awb-border-radius-bottom-left:0px;--awb-padding-right:0px;--awb-padding-left:0px;--awb-background-color:#ededed;--awb-flex-wrap:wrap;\" ><div class=\"fusion-builder-row fusion-row fusion-flex-align-items-flex-start fusion-flex-content-wrap\" style=\"width:104% !important;max-width:104% !important;margin-left: calc(-4% \/ 2 );margin-right: calc(-4% \/ 2 );\"><div class=\"fusion-layout-column fusion_builder_column fusion-builder-column-2 fusion_builder_column_1_2 1_2 fusion-flex-column fusion-flex-align-self-stretch\" style=\"--awb-bg-image:url(&#039;https:\/\/kamini-bioetanol.si\/wp-content\/uploads\/2024\/08\/Primefire_povprasevanje.jpg&#039;);--awb-bg-position:right center;--awb-bg-size:cover;--awb-width-large:50%;--awb-margin-top-large:0px;--awb-spacing-right-large:3.84%;--awb-margin-bottom-large:0px;--awb-spacing-left-large:3.84%;--awb-width-medium:100%;--awb-order-medium:0;--awb-spacing-right-medium:1.92%;--awb-spacing-left-medium:1.92%;--awb-width-small:100%;--awb-order-small:0;--awb-spacing-right-small:1.92%;--awb-spacing-left-small:1.92%;\" data-scroll-devices=\"small-visibility,medium-visibility,large-visibility\"><div class=\"fusion-column-wrapper fusion-column-has-shadow fusion-flex-justify-content-flex-start fusion-content-layout-column fusion-empty-column-bg-image fusion-column-has-bg-image\" data-bg-url=\"https:\/\/kamini-bioetanol.si\/wp-content\/uploads\/2024\/08\/Primefire_povprasevanje.jpg\"><img decoding=\"async\" class=\"fusion-empty-dims-img-placeholder\" aria-label=\"Primefire_povprasevanje\" src=\"data:image\/svg+xml,%3Csvg%20xmlns%3D%27http%3A%2F%2Fwww.w3.org%2F2000%2Fsvg%27%20width%3D%271103%27%20height%3D%27735%27%20viewBox%3D%270%200%201103%20735%27%3E%3Crect%20width%3D%271103%27%20height%3D%27735%27%20fill-opacity%3D%220%22%2F%3E%3C%2Fsvg%3E\"><\/div><\/div><div class=\"fusion-layout-column fusion_builder_column fusion-builder-column-3 fusion_builder_column_1_2 1_2 fusion-flex-column\" style=\"--awb-padding-right:15px;--awb-padding-left:15px;--awb-bg-size:cover;--awb-width-large:50%;--awb-margin-top-large:15px;--awb-spacing-right-large:3.84%;--awb-margin-bottom-large:15px;--awb-spacing-left-large:3.84%;--awb-width-medium:100%;--awb-order-medium:0;--awb-spacing-right-medium:1.92%;--awb-spacing-left-medium:1.92%;--awb-width-small:100%;--awb-order-small:0;--awb-spacing-right-small:1.92%;--awb-spacing-left-small:1.92%;\" data-scroll-devices=\"small-visibility,medium-visibility,large-visibility\"><div class=\"fusion-column-wrapper fusion-column-has-shadow fusion-flex-justify-content-flex-start fusion-content-layout-column\"><div class=\"fusion-title title fusion-title-2 fusion-title-text fusion-title-size-one\" style=\"--awb-font-size:25px;\"><div class=\"title-sep-container title-sep-container-left fusion-no-large-visibility fusion-no-medium-visibility fusion-no-small-visibility\"><div class=\"title-sep sep-single sep-solid\" style=\"border-color:#e0dede;\"><\/div><\/div><span class=\"awb-title-spacer fusion-no-large-visibility fusion-no-medium-visibility fusion-no-small-visibility\"><\/span><h1 class=\"fusion-title-heading title-heading-left fusion-responsive-typography-calculated\" style=\"margin:0;text-transform:uppercase;font-size:1em;--fontSize:25;line-height:1.2;\">Po\u0161alji upit<\/h1><span class=\"awb-title-spacer\"><\/span><div class=\"title-sep-container title-sep-container-right\"><div class=\"title-sep sep-single sep-solid\" style=\"border-color:#e0dede;\"><\/div><\/div><\/div><div class=\"fusion-text fusion-text-2\"><p>Ako imate pitanja ili trebate savjet o odabiru pravog kamina na bioetanol, tu smo da vam pomognemo. Na\u0161 tim rado \u0107e vas savjetovati i pomo\u0107i u stvaranju ugodnog i funkcionalnog doma koji \u0107e zadovoljiti va\u0161e \u017eelje i potrebe.<\/p>\n<p>Bilo da se radi o pomo\u0107i pri odabiru kamina ili savjetu o ure\u0111enju interijera, kontaktirajte nas i zajedno \u0107emo prona\u0107i najbolje rje\u0161enje za va\u0161 projekt.<\/p>\n<\/div>\n<div class=\"wpcf7 no-js\" id=\"wpcf7-f19760-o1\" lang=\"sl-SI\" dir=\"ltr\" data-wpcf7-id=\"19760\">\n<div class=\"screen-reader-response\"><p role=\"status\" aria-live=\"polite\" aria-atomic=\"true\"><\/p> <ul><\/ul><\/div>\n<form action=\"\/hr\/wp-json\/wp\/v2\/pages\/19100#wpcf7-f19760-o1\" method=\"post\" class=\"wpcf7-form init\" aria-label=\"Contact form\" novalidate=\"novalidate\" data-status=\"init\">\n<fieldset class=\"hidden-fields-container\"><input type=\"hidden\" name=\"_wpcf7\" value=\"19760\" \/><input type=\"hidden\" name=\"_wpcf7_version\" value=\"6.1.4\" \/><input type=\"hidden\" name=\"_wpcf7_locale\" value=\"sl_SI\" \/><input type=\"hidden\" name=\"_wpcf7_unit_tag\" value=\"wpcf7-f19760-o1\" \/><input type=\"hidden\" name=\"_wpcf7_container_post\" value=\"0\" \/><input type=\"hidden\" name=\"_wpcf7_posted_data_hash\" value=\"\" \/><input type=\"hidden\" name=\"_wpcf7_recaptcha_response\" value=\"\" \/>\n<\/fieldset>\n<p><label> Va\u0161e ime<br \/>\n<span class=\"wpcf7-form-control-wrap\" data-name=\"your-name\"><input size=\"40\" maxlength=\"400\" class=\"wpcf7-form-control wpcf7-text wpcf7-validates-as-required\" aria-required=\"true\" aria-invalid=\"false\" value=\"\" type=\"text\" name=\"your-name\" \/><\/span> <\/label>\n<\/p>\n<p><label> Va\u0161a e-mail(obvezno)<br \/>\n<span class=\"wpcf7-form-control-wrap\" data-name=\"your-email\"><input size=\"40\" maxlength=\"400\" class=\"wpcf7-form-control wpcf7-email wpcf7-validates-as-required wpcf7-text wpcf7-validates-as-email\" aria-required=\"true\" aria-invalid=\"false\" value=\"\" type=\"email\" name=\"your-email\" \/><\/span> <\/label>\n<\/p>\n<p><label> Va\u0161a poruka<br \/>\n<span class=\"wpcf7-form-control-wrap\" data-name=\"your-message\"><textarea cols=\"40\" rows=\"10\" maxlength=\"2000\" class=\"wpcf7-form-control wpcf7-textarea\" aria-invalid=\"false\" name=\"your-message\"><\/textarea><\/span> <\/label>\n<\/p>\n<p><input class=\"wpcf7-form-control wpcf7-submit has-spinner\" type=\"submit\" value=\"Po\u0161alji\" \/>\n<\/p><div class=\"fusion-alert alert custom alert-custom fusion-alert-center wpcf7-response-output fusion-alert-capitalize awb-alert-native-link-color alert-dismissable awb-alert-close-boxed\" style=\"--awb-border-top-left-radius:0px;--awb-border-top-right-radius:0px;--awb-border-bottom-left-radius:0px;--awb-border-bottom-right-radius:0px;\" role=\"alert\"><div class=\"fusion-alert-content-wrapper\"><span class=\"fusion-alert-content\"><\/span><\/div><button type=\"button\" class=\"close toggle-alert\" data-dismiss=\"alert\" aria-label=\"Close\">&times;<\/button><\/div>\n<\/form>\n<\/div>\n<\/div><\/div><\/div><\/div><\/p>\n","protected":false},"excerpt":{"rendered":"","protected":false},"author":1,"featured_media":0,"parent":0,"menu_order":0,"comment_status":"closed","ping_status":"closed","template":"100-width.php","meta":{"footnotes":""},"class_list":["post-19100","page","type-page","status-publish","hentry"],"yoast_head":"<!-- This site is optimized with the Yoast SEO plugin v26.7 - https:\/\/yoast.com\/wordpress\/plugins\/seo\/ -->\n<title>UPIT - Kamini na bioetanol<\/title>\n<meta name=\"description\" content=\"Ako imate pitanja ili trebate savjet o odabiru pravog kamina na bioetanol, tu smo da vam pomognemo. Na\u0161 tim rado \u0107e vas savjetovati i pomo\u0107i u stvaranju ugodnog i funkcionalnog doma koji \u0107e zadovoljiti va\u0161e \u017eelje i potrebe.\" \/>\n<meta name=\"robots\" content=\"index, follow, max-snippet:-1, max-image-preview:large, max-video-preview:-1\" \/>\n<link rel=\"canonical\" href=\"https:\/\/kamini-bioetanol.si\/hr\/upit\/\" \/>\n<meta property=\"og:locale\" content=\"hr_HR\" \/>\n<meta property=\"og:type\" content=\"article\" \/>\n<meta property=\"og:title\" content=\"UPIT - Kamini na bioetanol\" \/>\n<meta property=\"og:description\" content=\"Ako imate pitanja ili trebate savjet o odabiru pravog kamina na bioetanol, tu smo da vam pomognemo. Na\u0161 tim rado \u0107e vas savjetovati i pomo\u0107i u stvaranju ugodnog i funkcionalnog doma koji \u0107e zadovoljiti va\u0161e \u017eelje i potrebe.\" \/>\n<meta property=\"og:url\" content=\"https:\/\/kamini-bioetanol.si\/hr\/upit\/\" \/>\n<meta property=\"og:site_name\" content=\"Kamini na bioetanol\" \/>\n<meta property=\"article:modified_time\" content=\"2024-08-30T13:02:01+00:00\" \/>\n<meta name=\"twitter:card\" content=\"summary_large_image\" \/>\n<meta name=\"twitter:label1\" content=\"Procijenjeno vrijeme \u010ditanja\" \/>\n\t<meta name=\"twitter:data1\" content=\"18 minuta\" \/>\n<script type=\"application\/ld+json\" class=\"yoast-schema-graph\">{\"@context\":\"https:\/\/schema.org\",\"@graph\":[{\"@type\":\"WebPage\",\"@id\":\"https:\/\/kamini-bioetanol.si\/hr\/upit\/\",\"url\":\"https:\/\/kamini-bioetanol.si\/hr\/upit\/\",\"name\":\"UPIT - Kamini na bioetanol\",\"isPartOf\":{\"@id\":\"https:\/\/kamini-bioetanol.si\/#website\"},\"datePublished\":\"2017-09-18T10:15:58+00:00\",\"dateModified\":\"2024-08-30T13:02:01+00:00\",\"description\":\"Ako imate pitanja ili trebate savjet o odabiru pravog kamina na bioetanol, tu smo da vam pomognemo. Na\u0161 tim rado \u0107e vas savjetovati i pomo\u0107i u stvaranju ugodnog i funkcionalnog doma koji \u0107e zadovoljiti va\u0161e \u017eelje i potrebe.\",\"breadcrumb\":{\"@id\":\"https:\/\/kamini-bioetanol.si\/hr\/upit\/#breadcrumb\"},\"inLanguage\":\"hr\",\"potentialAction\":[{\"@type\":\"ReadAction\",\"target\":[\"https:\/\/kamini-bioetanol.si\/hr\/upit\/\"]}]},{\"@type\":\"BreadcrumbList\",\"@id\":\"https:\/\/kamini-bioetanol.si\/hr\/upit\/#breadcrumb\",\"itemListElement\":[{\"@type\":\"ListItem\",\"position\":1,\"name\":\"Home\",\"item\":\"https:\/\/kamini-bioetanol.si\/hr\/\"},{\"@type\":\"ListItem\",\"position\":2,\"name\":\"UPIT\"}]},{\"@type\":\"WebSite\",\"@id\":\"https:\/\/kamini-bioetanol.si\/#website\",\"url\":\"https:\/\/kamini-bioetanol.si\/\",\"name\":\"Kamini na bioetanol\",\"description\":\"Kamini, ki ne potrebuje dimnika\",\"potentialAction\":[{\"@type\":\"SearchAction\",\"target\":{\"@type\":\"EntryPoint\",\"urlTemplate\":\"https:\/\/kamini-bioetanol.si\/?s={search_term_string}\"},\"query-input\":{\"@type\":\"PropertyValueSpecification\",\"valueRequired\":true,\"valueName\":\"search_term_string\"}}],\"inLanguage\":\"hr\"}]}<\/script>\n<!-- \/ Yoast SEO plugin. -->","yoast_head_json":{"title":"UPIT - Kamini na bioetanol","description":"Ako imate pitanja ili trebate savjet o odabiru pravog kamina na bioetanol, tu smo da vam pomognemo. Na\u0161 tim rado \u0107e vas savjetovati i pomo\u0107i u stvaranju ugodnog i funkcionalnog doma koji \u0107e zadovoljiti va\u0161e \u017eelje i potrebe.","robots":{"index":"index","follow":"follow","max-snippet":"max-snippet:-1","max-image-preview":"max-image-preview:large","max-video-preview":"max-video-preview:-1"},"canonical":"https:\/\/kamini-bioetanol.si\/hr\/upit\/","og_locale":"hr_HR","og_type":"article","og_title":"UPIT - Kamini na bioetanol","og_description":"Ako imate pitanja ili trebate savjet o odabiru pravog kamina na bioetanol, tu smo da vam pomognemo. Na\u0161 tim rado \u0107e vas savjetovati i pomo\u0107i u stvaranju ugodnog i funkcionalnog doma koji \u0107e zadovoljiti va\u0161e \u017eelje i potrebe.","og_url":"https:\/\/kamini-bioetanol.si\/hr\/upit\/","og_site_name":"Kamini na bioetanol","article_modified_time":"2024-08-30T13:02:01+00:00","twitter_card":"summary_large_image","twitter_misc":{"Procijenjeno vrijeme \u010ditanja":"18 minuta"},"schema":{"@context":"https:\/\/schema.org","@graph":[{"@type":"WebPage","@id":"https:\/\/kamini-bioetanol.si\/hr\/upit\/","url":"https:\/\/kamini-bioetanol.si\/hr\/upit\/","name":"UPIT - Kamini na bioetanol","isPartOf":{"@id":"https:\/\/kamini-bioetanol.si\/#website"},"datePublished":"2017-09-18T10:15:58+00:00","dateModified":"2024-08-30T13:02:01+00:00","description":"Ako imate pitanja ili trebate savjet o odabiru pravog kamina na bioetanol, tu smo da vam pomognemo. Na\u0161 tim rado \u0107e vas savjetovati i pomo\u0107i u stvaranju ugodnog i funkcionalnog doma koji \u0107e zadovoljiti va\u0161e \u017eelje i potrebe.","breadcrumb":{"@id":"https:\/\/kamini-bioetanol.si\/hr\/upit\/#breadcrumb"},"inLanguage":"hr","potentialAction":[{"@type":"ReadAction","target":["https:\/\/kamini-bioetanol.si\/hr\/upit\/"]}]},{"@type":"BreadcrumbList","@id":"https:\/\/kamini-bioetanol.si\/hr\/upit\/#breadcrumb","itemListElement":[{"@type":"ListItem","position":1,"name":"Home","item":"https:\/\/kamini-bioetanol.si\/hr\/"},{"@type":"ListItem","position":2,"name":"UPIT"}]},{"@type":"WebSite","@id":"https:\/\/kamini-bioetanol.si\/#website","url":"https:\/\/kamini-bioetanol.si\/","name":"Kamini na bioetanol","description":"Kamini, ki ne potrebuje dimnika","potentialAction":[{"@type":"SearchAction","target":{"@type":"EntryPoint","urlTemplate":"https:\/\/kamini-bioetanol.si\/?s={search_term_string}"},"query-input":{"@type":"PropertyValueSpecification","valueRequired":true,"valueName":"search_term_string"}}],"inLanguage":"hr"}]}},"_links":{"self":[{"href":"https:\/\/kamini-bioetanol.si\/hr\/wp-json\/wp\/v2\/pages\/19100","targetHints":{"allow":["GET"]}}],"collection":[{"href":"https:\/\/kamini-bioetanol.si\/hr\/wp-json\/wp\/v2\/pages"}],"about":[{"href":"https:\/\/kamini-bioetanol.si\/hr\/wp-json\/wp\/v2\/types\/page"}],"author":[{"embeddable":true,"href":"https:\/\/kamini-bioetanol.si\/hr\/wp-json\/wp\/v2\/users\/1"}],"replies":[{"embeddable":true,"href":"https:\/\/kamini-bioetanol.si\/hr\/wp-json\/wp\/v2\/comments?post=19100"}],"version-history":[{"count":5,"href":"https:\/\/kamini-bioetanol.si\/hr\/wp-json\/wp\/v2\/pages\/19100\/revisions"}],"predecessor-version":[{"id":20115,"href":"https:\/\/kamini-bioetanol.si\/hr\/wp-json\/wp\/v2\/pages\/19100\/revisions\/20115"}],"wp:attachment":[{"href":"https:\/\/kamini-bioetanol.si\/hr\/wp-json\/wp\/v2\/media?parent=19100"}],"curies":[{"name":"wp","href":"https:\/\/api.w.org\/{rel}","templated":true}]}}