{"id":19772,"date":"2021-05-05T19:20:29","date_gmt":"2021-05-05T17:20:29","guid":{"rendered":"https:\/\/kamini-bioetanol.si\/kolekcija\/vrtni-plinski-kamin-rio\/"},"modified":"2022-06-04T08:56:56","modified_gmt":"2022-06-04T06:56:56","slug":"vrtni-plinski-kamin-rio","status":"publish","type":"product","link":"https:\/\/kamini-bioetanol.si\/hr\/kolekcija\/vrtni-plinski-kamin-rio\/","title":{"rendered":"Vrtni plinski kamin Rio"},"content":{"rendered":"<div class=\"fusion-fullwidth fullwidth-box fusion-builder-row-1 nonhundred-percent-fullwidth non-hundred-percent-height-scrolling\" style=\"--awb-border-radius-top-left:0px;--awb-border-radius-top-right:0px;--awb-border-radius-bottom-right:0px;--awb-border-radius-bottom-left:0px;--awb-flex-wrap:wrap;\" ><div class=\"fusion-builder-row fusion-row\"><div class=\"fusion-layout-column fusion_builder_column fusion-builder-column-0 fusion_builder_column_2_3 2_3 fusion-two-third fusion-column-first\" style=\"--awb-bg-size:cover;width:66.666666666667%;width:calc(66.666666666667% - ( ( 4% ) * 0.66666666666667 ) );margin-right: 4%;\"><div class=\"fusion-column-wrapper fusion-flex-column-wrapper-legacy\"><div class=\"fusion-image-element fusion-image-align-center in-legacy-container\" style=\"text-align:center;--awb-caption-title-font-family:var(--h2_typography-font-family);--awb-caption-title-font-weight:var(--h2_typography-font-weight);--awb-caption-title-font-style:var(--h2_typography-font-style);--awb-caption-title-size:var(--h2_typography-font-size);--awb-caption-title-transform:var(--h2_typography-text-transform);--awb-caption-title-line-height:var(--h2_typography-line-height);--awb-caption-title-letter-spacing:var(--h2_typography-letter-spacing);\"><div class=\"imageframe-align-center\"><span class=\" fusion-imageframe imageframe-none imageframe-1 hover-type-none\"><img decoding=\"async\" width=\"898\" height=\"823\" alt=\"vrtni kamin na plin Rio\" title=\"Rio-opis\" src=\"https:\/\/kamini-bioetanol.si\/wp-content\/uploads\/2021\/05\/Rio-opis-1.jpg\" class=\"img-responsive wp-image-19704\" srcset=\"https:\/\/kamini-bioetanol.si\/wp-content\/uploads\/2021\/05\/Rio-opis-1-200x183.jpg 200w, https:\/\/kamini-bioetanol.si\/wp-content\/uploads\/2021\/05\/Rio-opis-1-400x367.jpg 400w, https:\/\/kamini-bioetanol.si\/wp-content\/uploads\/2021\/05\/Rio-opis-1-600x550.jpg 600w, https:\/\/kamini-bioetanol.si\/wp-content\/uploads\/2021\/05\/Rio-opis-1-800x733.jpg 800w, https:\/\/kamini-bioetanol.si\/wp-content\/uploads\/2021\/05\/Rio-opis-1.jpg 898w\" sizes=\"(max-width: 800px) 100vw, 800px\" \/><\/span><\/div><\/div><div class=\"fusion-sep-clear\"><\/div><div class=\"fusion-separator fusion-full-width-sep\" style=\"margin-left: auto;margin-right: auto;margin-top:5px;margin-bottom:5px;width:100%;\"><\/div><div class=\"fusion-sep-clear\"><\/div><div class=\"fusion-image-element fusion-image-align-center in-legacy-container\" style=\"text-align:center;--awb-caption-title-font-family:var(--h2_typography-font-family);--awb-caption-title-font-weight:var(--h2_typography-font-weight);--awb-caption-title-font-style:var(--h2_typography-font-style);--awb-caption-title-size:var(--h2_typography-font-size);--awb-caption-title-transform:var(--h2_typography-text-transform);--awb-caption-title-line-height:var(--h2_typography-line-height);--awb-caption-title-letter-spacing:var(--h2_typography-letter-spacing);\"><div class=\"imageframe-align-center\"><span class=\" fusion-imageframe imageframe-none imageframe-2 hover-type-none\"><img decoding=\"async\" width=\"600\" height=\"444\" alt=\"Vrtni kamin na plin Rio \" title=\"nacrt_rio\" src=\"https:\/\/kamini-bioetanol.si\/wp-content\/uploads\/2021\/05\/nacrt_rio.jpg\" class=\"img-responsive wp-image-19683\" srcset=\"https:\/\/kamini-bioetanol.si\/wp-content\/uploads\/2021\/05\/nacrt_rio-200x148.jpg 200w, https:\/\/kamini-bioetanol.si\/wp-content\/uploads\/2021\/05\/nacrt_rio-400x296.jpg 400w, https:\/\/kamini-bioetanol.si\/wp-content\/uploads\/2021\/05\/nacrt_rio.jpg 600w\" sizes=\"(max-width: 800px) 100vw, 600px\" \/><\/span><\/div><\/div><div class=\"fusion-sep-clear\"><\/div><div class=\"fusion-separator fusion-full-width-sep\" style=\"margin-left: auto;margin-right: auto;margin-top:5px;margin-bottom:5px;width:100%;\"><\/div><div class=\"fusion-sep-clear\"><\/div><div class=\"fusion-video fusion-youtube fusion-aligncenter\" style=\"--awb-max-width:700px;--awb-max-height:440px;--awb-width:100%;\" data-autoplay=\"1\"><div class=\"video-shortcode\"><div class=\"fluid-width-video-wrapper\" style=\"padding-top:62.86%;\" ><iframe title=\"YouTube video player 1\" src=\"https:\/\/www.youtube.com\/embed\/iInfxjD2kvY?wmode=transparent&autoplay=0&amp;rel=0\" width=\"700\" height=\"440\" allowfullscreen allow=\"autoplay; clipboard-write; encrypted-media; gyroscope; picture-in-picture;\"><\/iframe><\/div><\/div><\/div><div class=\"fusion-sep-clear\"><\/div><div class=\"fusion-separator fusion-full-width-sep\" style=\"margin-left: auto;margin-right: auto;margin-top:10px;margin-bottom:10px;width:100%;\"><\/div><div class=\"fusion-sep-clear\"><\/div><div class=\"fusion-text fusion-text-1\"><h3><span style=\"color: #ff6600;\">Po\u0161alji upit<\/span><\/h3>\n<p>\u017delim vi\u0161e informacija o proizvodu i cijeni\u00a0\u2026<\/p>\n\n<div class=\"wpcf7 no-js\" id=\"wpcf7-f19760-o1\" lang=\"sl-SI\" dir=\"ltr\" data-wpcf7-id=\"19760\">\n<div class=\"screen-reader-response\"><p role=\"status\" aria-live=\"polite\" aria-atomic=\"true\"><\/p> <ul><\/ul><\/div>\n<form action=\"\/hr\/wp-json\/wp\/v2\/product\/19772#wpcf7-f19760-o1\" method=\"post\" class=\"wpcf7-form init\" aria-label=\"Contact form\" novalidate=\"novalidate\" data-status=\"init\">\n<fieldset class=\"hidden-fields-container\"><input type=\"hidden\" name=\"_wpcf7\" value=\"19760\" \/><input type=\"hidden\" name=\"_wpcf7_version\" value=\"6.1.4\" \/><input type=\"hidden\" name=\"_wpcf7_locale\" value=\"sl_SI\" \/><input type=\"hidden\" name=\"_wpcf7_unit_tag\" value=\"wpcf7-f19760-o1\" \/><input type=\"hidden\" name=\"_wpcf7_container_post\" value=\"0\" \/><input type=\"hidden\" name=\"_wpcf7_posted_data_hash\" value=\"\" \/><input type=\"hidden\" name=\"_wpcf7_recaptcha_response\" value=\"\" \/>\n<\/fieldset>\n<p><label> Va\u0161e ime<br \/>\n<span class=\"wpcf7-form-control-wrap\" data-name=\"your-name\"><input size=\"40\" maxlength=\"400\" class=\"wpcf7-form-control wpcf7-text wpcf7-validates-as-required\" aria-required=\"true\" aria-invalid=\"false\" value=\"\" type=\"text\" name=\"your-name\" \/><\/span> <\/label>\n<\/p>\n<p><label> Va\u0161a e-mail(obvezno)<br \/>\n<span class=\"wpcf7-form-control-wrap\" data-name=\"your-email\"><input size=\"40\" maxlength=\"400\" class=\"wpcf7-form-control wpcf7-email wpcf7-validates-as-required wpcf7-text wpcf7-validates-as-email\" aria-required=\"true\" aria-invalid=\"false\" value=\"\" type=\"email\" name=\"your-email\" \/><\/span> <\/label>\n<\/p>\n<p><label> Va\u0161a poruka<br \/>\n<span class=\"wpcf7-form-control-wrap\" data-name=\"your-message\"><textarea cols=\"40\" rows=\"10\" maxlength=\"2000\" class=\"wpcf7-form-control wpcf7-textarea\" aria-invalid=\"false\" name=\"your-message\"><\/textarea><\/span> <\/label>\n<\/p>\n<p><input class=\"wpcf7-form-control wpcf7-submit has-spinner\" type=\"submit\" value=\"Po\u0161alji\" \/>\n<\/p><div class=\"fusion-alert alert custom alert-custom fusion-alert-center wpcf7-response-output fusion-alert-capitalize awb-alert-native-link-color alert-dismissable awb-alert-close-boxed\" style=\"--awb-border-top-left-radius:0px;--awb-border-top-right-radius:0px;--awb-border-bottom-left-radius:0px;--awb-border-bottom-right-radius:0px;\" role=\"alert\"><div class=\"fusion-alert-content-wrapper\"><span class=\"fusion-alert-content\"><\/span><\/div><button type=\"button\" class=\"close toggle-alert\" data-dismiss=\"alert\" aria-label=\"Close\">&times;<\/button><\/div>\n<\/form>\n<\/div>\n\n<\/div><div class=\"fusion-clearfix\"><\/div><\/div><\/div><div class=\"fusion-layout-column fusion_builder_column fusion-builder-column-1 fusion_builder_column_1_3 1_3 fusion-one-third fusion-column-last\" style=\"--awb-padding-top:10px;--awb-padding-right:10px;--awb-padding-bottom:10px;--awb-padding-left:10px;--awb-bg-color:rgba(232,232,232,0.83);--awb-bg-color-hover:rgba(232,232,232,0.83);--awb-bg-size:cover;--awb-border-color:#aaaaaa;--awb-border-top:1px;--awb-border-right:1px;--awb-border-bottom:1px;--awb-border-left:1px;--awb-border-style:solid;width:33.333333333333%;width:calc(33.333333333333% - ( ( 4% ) * 0.33333333333333 ) );\"><div class=\"fusion-column-wrapper fusion-flex-column-wrapper-legacy\"><div class=\"fusion-text fusion-text-2\"><p style=\"text-align: center;\"><span style=\"color: #ff6600;\"><strong>Tehni\u010dki podaci<\/strong><\/span><\/p>\n<ul>\n<li><span style=\"color: #000000;\"><strong>Dimenzije<\/strong>: 698 mm \/ 414 mm \/ 300 mm<\/span><\/li>\n<li><strong>Gorivo<\/strong>: LPG<\/li>\n<li><strong>te\u017eina:<\/strong> 13,2 kg<\/li>\n<li><strong>Jakost: <\/strong>7 &#8211; 10 kW<\/li>\n<li><strong>Material<\/strong>: \u017eeljezo<\/li>\n<\/ul>\n<p style=\"text-align: center;\"><span style=\"color: #ff6600;\"><strong>Glavne prednosti<\/strong><\/span><\/p>\n<ul>\n<li><strong>Regulacija plamena<\/strong><\/li>\n<li><strong>Samo stoje\u0107i kamin<\/strong><\/li>\n<li><strong>Bez potrebne predmonta\u017ee<\/strong><\/li>\n<li><strong>Plug &amp; play<\/strong><\/li>\n<li><strong>Za\u0161tita staklom<\/strong><\/li>\n<li><strong>Ekolo\u0161ki prihvatljivo okru\u017eenje<\/strong><\/li>\n<\/ul>\n<\/div><div class=\"fusion-clearfix\"><\/div><\/div><\/div><\/div><\/div>\n","protected":false},"excerpt":{"rendered":"<p>Savr\u0161en samostoje\u0107i plinski kamin Rio za vanjsku upotrebu. Rio je crni kamin izra\u0111en od izdr\u017eljivih visokokvalitetnih materijala koji su otporni na razne vremenske uvjete. Ima intuitivan sustav upravljanja koji omogu\u0107uje kontrolu plamena s jednom tipkom.<\/p>\n<p>To je potpuno novi dodatak va\u0161em vanjskom prostoru za nadolaze\u0107u ljetnu sezonu \u2013 tako \u0107e ve\u010deri na otvorenom biti du\u017ei i topliji!.<\/p>\n","protected":false},"featured_media":19681,"template":"","meta":[],"product_brand":[],"product_cat":[195],"product_tag":[],"class_list":{"0":"post-19772","1":"product","2":"type-product","3":"status-publish","4":"has-post-thumbnail","6":"product_cat-vrtni-plinski-kamini","8":"first","9":"instock","10":"shipping-taxable","11":"product-type-simple"},"yoast_head":"<!-- This site is optimized with the Yoast SEO plugin v26.7 - https:\/\/yoast.com\/wordpress\/plugins\/seo\/ -->\n<title>Vrtni plinski kamin Rio - Deco kamini<\/title>\n<meta name=\"description\" content=\"Savr\u0161en samostoje\u0107i plinski kamin Rio za vanjsku upotrebu.\" \/>\n<meta name=\"robots\" content=\"index, follow, max-snippet:-1, max-image-preview:large, max-video-preview:-1\" \/>\n<link rel=\"canonical\" href=\"https:\/\/kamini-bioetanol.si\/hr\/kolekcija\/vrtni-plinski-kamin-rio\/\" \/>\n<meta property=\"og:locale\" content=\"hr_HR\" \/>\n<meta property=\"og:type\" content=\"article\" \/>\n<meta property=\"og:title\" content=\"Vrtni plinski kamin Rio - Deco kamini\" \/>\n<meta property=\"og:description\" content=\"Savr\u0161en samostoje\u0107i plinski kamin Rio za vanjsku upotrebu.\" \/>\n<meta property=\"og:url\" content=\"https:\/\/kamini-bioetanol.si\/hr\/kolekcija\/vrtni-plinski-kamin-rio\/\" \/>\n<meta property=\"og:site_name\" content=\"Kamini na bioetanol\" \/>\n<meta property=\"article:modified_time\" content=\"2022-06-04T06:56:56+00:00\" \/>\n<meta property=\"og:image\" content=\"https:\/\/kamini-bioetanol.si\/wp-content\/uploads\/2021\/05\/Vrtni-kamin-na-plin-Rio.jpg\" \/>\n\t<meta property=\"og:image:width\" content=\"600\" \/>\n\t<meta property=\"og:image:height\" content=\"444\" \/>\n\t<meta property=\"og:image:type\" content=\"image\/jpeg\" \/>\n<meta name=\"twitter:card\" content=\"summary_large_image\" \/>\n<meta name=\"twitter:label1\" content=\"Procijenjeno vrijeme \u010ditanja\" \/>\n\t<meta name=\"twitter:data1\" content=\"4 minute\" \/>\n<script type=\"application\/ld+json\" class=\"yoast-schema-graph\">{\"@context\":\"https:\/\/schema.org\",\"@graph\":[{\"@type\":\"WebPage\",\"@id\":\"https:\/\/kamini-bioetanol.si\/hr\/kolekcija\/vrtni-plinski-kamin-rio\/\",\"url\":\"https:\/\/kamini-bioetanol.si\/hr\/kolekcija\/vrtni-plinski-kamin-rio\/\",\"name\":\"Vrtni plinski kamin Rio - Deco kamini\",\"isPartOf\":{\"@id\":\"https:\/\/kamini-bioetanol.si\/#website\"},\"primaryImageOfPage\":{\"@id\":\"https:\/\/kamini-bioetanol.si\/hr\/kolekcija\/vrtni-plinski-kamin-rio\/#primaryimage\"},\"image\":{\"@id\":\"https:\/\/kamini-bioetanol.si\/hr\/kolekcija\/vrtni-plinski-kamin-rio\/#primaryimage\"},\"thumbnailUrl\":\"https:\/\/kamini-bioetanol.si\/wp-content\/uploads\/2021\/05\/Vrtni-kamin-na-plin-Rio.jpg\",\"datePublished\":\"2021-05-05T17:20:29+00:00\",\"dateModified\":\"2022-06-04T06:56:56+00:00\",\"description\":\"Savr\u0161en samostoje\u0107i plinski kamin Rio za vanjsku upotrebu.\",\"breadcrumb\":{\"@id\":\"https:\/\/kamini-bioetanol.si\/hr\/kolekcija\/vrtni-plinski-kamin-rio\/#breadcrumb\"},\"inLanguage\":\"hr\",\"potentialAction\":[{\"@type\":\"ReadAction\",\"target\":[\"https:\/\/kamini-bioetanol.si\/hr\/kolekcija\/vrtni-plinski-kamin-rio\/\"]}]},{\"@type\":\"ImageObject\",\"inLanguage\":\"hr\",\"@id\":\"https:\/\/kamini-bioetanol.si\/hr\/kolekcija\/vrtni-plinski-kamin-rio\/#primaryimage\",\"url\":\"https:\/\/kamini-bioetanol.si\/wp-content\/uploads\/2021\/05\/Vrtni-kamin-na-plin-Rio.jpg\",\"contentUrl\":\"https:\/\/kamini-bioetanol.si\/wp-content\/uploads\/2021\/05\/Vrtni-kamin-na-plin-Rio.jpg\",\"width\":600,\"height\":444,\"caption\":\"Vrtni plinski kamin Rio\"},{\"@type\":\"BreadcrumbList\",\"@id\":\"https:\/\/kamini-bioetanol.si\/hr\/kolekcija\/vrtni-plinski-kamin-rio\/#breadcrumb\",\"itemListElement\":[{\"@type\":\"ListItem\",\"position\":1,\"name\":\"Home\",\"item\":\"https:\/\/kamini-bioetanol.si\/hr\/\"},{\"@type\":\"ListItem\",\"position\":2,\"name\":\"Izdelki\",\"item\":\"https:\/\/kamini-bioetanol.si\/shop\/\"},{\"@type\":\"ListItem\",\"position\":3,\"name\":\"Vrtni plinski kamin Rio\"}]},{\"@type\":\"WebSite\",\"@id\":\"https:\/\/kamini-bioetanol.si\/#website\",\"url\":\"https:\/\/kamini-bioetanol.si\/\",\"name\":\"Kamini na bioetanol\",\"description\":\"Kamini, ki ne potrebuje dimnika\",\"potentialAction\":[{\"@type\":\"SearchAction\",\"target\":{\"@type\":\"EntryPoint\",\"urlTemplate\":\"https:\/\/kamini-bioetanol.si\/?s={search_term_string}\"},\"query-input\":{\"@type\":\"PropertyValueSpecification\",\"valueRequired\":true,\"valueName\":\"search_term_string\"}}],\"inLanguage\":\"hr\"}]}<\/script>\n<!-- \/ Yoast SEO plugin. -->","yoast_head_json":{"title":"Vrtni plinski kamin Rio - Deco kamini","description":"Savr\u0161en samostoje\u0107i plinski kamin Rio za vanjsku upotrebu.","robots":{"index":"index","follow":"follow","max-snippet":"max-snippet:-1","max-image-preview":"max-image-preview:large","max-video-preview":"max-video-preview:-1"},"canonical":"https:\/\/kamini-bioetanol.si\/hr\/kolekcija\/vrtni-plinski-kamin-rio\/","og_locale":"hr_HR","og_type":"article","og_title":"Vrtni plinski kamin Rio - Deco kamini","og_description":"Savr\u0161en samostoje\u0107i plinski kamin Rio za vanjsku upotrebu.","og_url":"https:\/\/kamini-bioetanol.si\/hr\/kolekcija\/vrtni-plinski-kamin-rio\/","og_site_name":"Kamini na bioetanol","article_modified_time":"2022-06-04T06:56:56+00:00","og_image":[{"width":600,"height":444,"url":"https:\/\/kamini-bioetanol.si\/wp-content\/uploads\/2021\/05\/Vrtni-kamin-na-plin-Rio.jpg","type":"image\/jpeg"}],"twitter_card":"summary_large_image","twitter_misc":{"Procijenjeno vrijeme \u010ditanja":"4 minute"},"schema":{"@context":"https:\/\/schema.org","@graph":[{"@type":"WebPage","@id":"https:\/\/kamini-bioetanol.si\/hr\/kolekcija\/vrtni-plinski-kamin-rio\/","url":"https:\/\/kamini-bioetanol.si\/hr\/kolekcija\/vrtni-plinski-kamin-rio\/","name":"Vrtni plinski kamin Rio - Deco kamini","isPartOf":{"@id":"https:\/\/kamini-bioetanol.si\/#website"},"primaryImageOfPage":{"@id":"https:\/\/kamini-bioetanol.si\/hr\/kolekcija\/vrtni-plinski-kamin-rio\/#primaryimage"},"image":{"@id":"https:\/\/kamini-bioetanol.si\/hr\/kolekcija\/vrtni-plinski-kamin-rio\/#primaryimage"},"thumbnailUrl":"https:\/\/kamini-bioetanol.si\/wp-content\/uploads\/2021\/05\/Vrtni-kamin-na-plin-Rio.jpg","datePublished":"2021-05-05T17:20:29+00:00","dateModified":"2022-06-04T06:56:56+00:00","description":"Savr\u0161en samostoje\u0107i plinski kamin Rio za vanjsku upotrebu.","breadcrumb":{"@id":"https:\/\/kamini-bioetanol.si\/hr\/kolekcija\/vrtni-plinski-kamin-rio\/#breadcrumb"},"inLanguage":"hr","potentialAction":[{"@type":"ReadAction","target":["https:\/\/kamini-bioetanol.si\/hr\/kolekcija\/vrtni-plinski-kamin-rio\/"]}]},{"@type":"ImageObject","inLanguage":"hr","@id":"https:\/\/kamini-bioetanol.si\/hr\/kolekcija\/vrtni-plinski-kamin-rio\/#primaryimage","url":"https:\/\/kamini-bioetanol.si\/wp-content\/uploads\/2021\/05\/Vrtni-kamin-na-plin-Rio.jpg","contentUrl":"https:\/\/kamini-bioetanol.si\/wp-content\/uploads\/2021\/05\/Vrtni-kamin-na-plin-Rio.jpg","width":600,"height":444,"caption":"Vrtni plinski kamin Rio"},{"@type":"BreadcrumbList","@id":"https:\/\/kamini-bioetanol.si\/hr\/kolekcija\/vrtni-plinski-kamin-rio\/#breadcrumb","itemListElement":[{"@type":"ListItem","position":1,"name":"Home","item":"https:\/\/kamini-bioetanol.si\/hr\/"},{"@type":"ListItem","position":2,"name":"Izdelki","item":"https:\/\/kamini-bioetanol.si\/shop\/"},{"@type":"ListItem","position":3,"name":"Vrtni plinski kamin Rio"}]},{"@type":"WebSite","@id":"https:\/\/kamini-bioetanol.si\/#website","url":"https:\/\/kamini-bioetanol.si\/","name":"Kamini na bioetanol","description":"Kamini, ki ne potrebuje dimnika","potentialAction":[{"@type":"SearchAction","target":{"@type":"EntryPoint","urlTemplate":"https:\/\/kamini-bioetanol.si\/?s={search_term_string}"},"query-input":{"@type":"PropertyValueSpecification","valueRequired":true,"valueName":"search_term_string"}}],"inLanguage":"hr"}]}},"_links":{"self":[{"href":"https:\/\/kamini-bioetanol.si\/hr\/wp-json\/wp\/v2\/product\/19772","targetHints":{"allow":["GET"]}}],"collection":[{"href":"https:\/\/kamini-bioetanol.si\/hr\/wp-json\/wp\/v2\/product"}],"about":[{"href":"https:\/\/kamini-bioetanol.si\/hr\/wp-json\/wp\/v2\/types\/product"}],"wp:featuredmedia":[{"embeddable":true,"href":"https:\/\/kamini-bioetanol.si\/hr\/wp-json\/wp\/v2\/media\/19681"}],"wp:attachment":[{"href":"https:\/\/kamini-bioetanol.si\/hr\/wp-json\/wp\/v2\/media?parent=19772"}],"wp:term":[{"taxonomy":"product_brand","embeddable":true,"href":"https:\/\/kamini-bioetanol.si\/hr\/wp-json\/wp\/v2\/product_brand?post=19772"},{"taxonomy":"product_cat","embeddable":true,"href":"https:\/\/kamini-bioetanol.si\/hr\/wp-json\/wp\/v2\/product_cat?post=19772"},{"taxonomy":"product_tag","embeddable":true,"href":"https:\/\/kamini-bioetanol.si\/hr\/wp-json\/wp\/v2\/product_tag?post=19772"}],"curies":[{"name":"wp","href":"https:\/\/api.w.org\/{rel}","templated":true}]}}