{"id":20014,"date":"2024-06-27T12:02:33","date_gmt":"2024-06-27T10:02:33","guid":{"rendered":"https:\/\/kamini-bioetanol.si\/?post_type=product&#038;p=20014"},"modified":"2024-07-03T15:16:31","modified_gmt":"2024-07-03T13:16:31","slug":"vrtni-plinski-kamin-bino","status":"publish","type":"product","link":"https:\/\/kamini-bioetanol.si\/hr\/kolekcija\/vrtni-plinski-kamin-bino\/","title":{"rendered":"Vrtni plinski kamin Bino"},"content":{"rendered":"<div class=\"fusion-fullwidth fullwidth-box fusion-builder-row-1 nonhundred-percent-fullwidth non-hundred-percent-height-scrolling\" style=\"--awb-border-radius-top-left:0px;--awb-border-radius-top-right:0px;--awb-border-radius-bottom-right:0px;--awb-border-radius-bottom-left:0px;--awb-flex-wrap:wrap;\" ><div class=\"fusion-builder-row fusion-row\"><div class=\"fusion-layout-column fusion_builder_column fusion-builder-column-0 fusion_builder_column_2_3 2_3 fusion-two-third fusion-column-first\" style=\"--awb-bg-size:cover;width:66.666666666667%;width:calc(66.666666666667% - ( ( 4% ) * 0.66666666666667 ) );margin-right: 4%;\"><div class=\"fusion-column-wrapper fusion-flex-column-wrapper-legacy\"><div class=\"fusion-image-element fusion-image-align-center in-legacy-container\" style=\"text-align:center;--awb-caption-title-font-family:var(--h2_typography-font-family);--awb-caption-title-font-weight:var(--h2_typography-font-weight);--awb-caption-title-font-style:var(--h2_typography-font-style);--awb-caption-title-size:var(--h2_typography-font-size);--awb-caption-title-transform:var(--h2_typography-text-transform);--awb-caption-title-line-height:var(--h2_typography-line-height);--awb-caption-title-letter-spacing:var(--h2_typography-letter-spacing);\"><div class=\"imageframe-align-center\"><span class=\" fusion-imageframe imageframe-none imageframe-1 hover-type-none\"><img decoding=\"async\" width=\"1200\" height=\"888\" alt=\"Kamin na plin Bino\" title=\"Kamin-na-plin-Bino_5\" src=\"https:\/\/kamini-bioetanol.si\/wp-content\/uploads\/2024\/06\/Kamin-na-plin-Bino_5.jpg\" class=\"img-responsive wp-image-20026\" srcset=\"https:\/\/kamini-bioetanol.si\/wp-content\/uploads\/2024\/06\/Kamin-na-plin-Bino_5-200x148.jpg 200w, https:\/\/kamini-bioetanol.si\/wp-content\/uploads\/2024\/06\/Kamin-na-plin-Bino_5-400x296.jpg 400w, https:\/\/kamini-bioetanol.si\/wp-content\/uploads\/2024\/06\/Kamin-na-plin-Bino_5-600x444.jpg 600w, https:\/\/kamini-bioetanol.si\/wp-content\/uploads\/2024\/06\/Kamin-na-plin-Bino_5-800x592.jpg 800w, https:\/\/kamini-bioetanol.si\/wp-content\/uploads\/2024\/06\/Kamin-na-plin-Bino_5.jpg 1200w\" sizes=\"(max-width: 800px) 100vw, 800px\" \/><\/span><\/div><\/div><div class=\"fusion-image-element fusion-image-align-center in-legacy-container\" style=\"text-align:center;--awb-caption-title-font-family:var(--h2_typography-font-family);--awb-caption-title-font-weight:var(--h2_typography-font-weight);--awb-caption-title-font-style:var(--h2_typography-font-style);--awb-caption-title-size:var(--h2_typography-font-size);--awb-caption-title-transform:var(--h2_typography-text-transform);--awb-caption-title-line-height:var(--h2_typography-line-height);--awb-caption-title-letter-spacing:var(--h2_typography-letter-spacing);\"><div class=\"imageframe-align-center\"><span class=\" fusion-imageframe imageframe-none imageframe-2 hover-type-none\"><img decoding=\"async\" width=\"701\" height=\"397\" title=\"Kamin-na-plin-Bino_dimenzije\" src=\"https:\/\/kamini-bioetanol.si\/wp-content\/uploads\/2024\/06\/Kamin-na-plin-Bino_dimenzije.jpg\" alt class=\"img-responsive wp-image-20036\" srcset=\"https:\/\/kamini-bioetanol.si\/wp-content\/uploads\/2024\/06\/Kamin-na-plin-Bino_dimenzije-200x113.jpg 200w, https:\/\/kamini-bioetanol.si\/wp-content\/uploads\/2024\/06\/Kamin-na-plin-Bino_dimenzije-400x227.jpg 400w, https:\/\/kamini-bioetanol.si\/wp-content\/uploads\/2024\/06\/Kamin-na-plin-Bino_dimenzije-600x340.jpg 600w, https:\/\/kamini-bioetanol.si\/wp-content\/uploads\/2024\/06\/Kamin-na-plin-Bino_dimenzije.jpg 701w\" sizes=\"(max-width: 800px) 100vw, 701px\" \/><\/span><\/div><\/div><div class=\"fusion-sep-clear\"><\/div><div class=\"fusion-separator fusion-full-width-sep\" style=\"margin-left: auto;margin-right: auto;margin-top:10px;margin-bottom:10px;width:100%;\"><\/div><div class=\"fusion-sep-clear\"><\/div><div class=\"fusion-text fusion-text-1\"><h3><span style=\"color: #ff6600;\">Po\u0161alji upit<\/span><\/h3>\n<p>\u017delim vi\u0161e informacija o proizvodu i cijeni &#8230;<\/p>\n\n<div class=\"wpcf7 no-js\" id=\"wpcf7-f19760-o1\" lang=\"sl-SI\" dir=\"ltr\" data-wpcf7-id=\"19760\">\n<div class=\"screen-reader-response\"><p role=\"status\" aria-live=\"polite\" aria-atomic=\"true\"><\/p> <ul><\/ul><\/div>\n<form action=\"\/hr\/wp-json\/wp\/v2\/product\/20014#wpcf7-f19760-o1\" method=\"post\" class=\"wpcf7-form init\" aria-label=\"Contact form\" novalidate=\"novalidate\" data-status=\"init\">\n<fieldset class=\"hidden-fields-container\"><input type=\"hidden\" name=\"_wpcf7\" value=\"19760\" \/><input type=\"hidden\" name=\"_wpcf7_version\" value=\"6.1.4\" \/><input type=\"hidden\" name=\"_wpcf7_locale\" value=\"sl_SI\" \/><input type=\"hidden\" name=\"_wpcf7_unit_tag\" value=\"wpcf7-f19760-o1\" \/><input type=\"hidden\" name=\"_wpcf7_container_post\" value=\"0\" \/><input type=\"hidden\" name=\"_wpcf7_posted_data_hash\" value=\"\" \/><input type=\"hidden\" name=\"_wpcf7_recaptcha_response\" value=\"\" \/>\n<\/fieldset>\n<p><label> Va\u0161e ime<br \/>\n<span class=\"wpcf7-form-control-wrap\" data-name=\"your-name\"><input size=\"40\" maxlength=\"400\" class=\"wpcf7-form-control wpcf7-text wpcf7-validates-as-required\" aria-required=\"true\" aria-invalid=\"false\" value=\"\" type=\"text\" name=\"your-name\" \/><\/span> <\/label>\n<\/p>\n<p><label> Va\u0161a e-mail(obvezno)<br \/>\n<span class=\"wpcf7-form-control-wrap\" data-name=\"your-email\"><input size=\"40\" maxlength=\"400\" class=\"wpcf7-form-control wpcf7-email wpcf7-validates-as-required wpcf7-text wpcf7-validates-as-email\" aria-required=\"true\" aria-invalid=\"false\" value=\"\" type=\"email\" name=\"your-email\" \/><\/span> <\/label>\n<\/p>\n<p><label> Va\u0161a poruka<br \/>\n<span class=\"wpcf7-form-control-wrap\" data-name=\"your-message\"><textarea cols=\"40\" rows=\"10\" maxlength=\"2000\" class=\"wpcf7-form-control wpcf7-textarea\" aria-invalid=\"false\" name=\"your-message\"><\/textarea><\/span> <\/label>\n<\/p>\n<p><input class=\"wpcf7-form-control wpcf7-submit has-spinner\" type=\"submit\" value=\"Po\u0161alji\" \/>\n<\/p><div class=\"fusion-alert alert custom alert-custom fusion-alert-center wpcf7-response-output fusion-alert-capitalize awb-alert-native-link-color alert-dismissable awb-alert-close-boxed\" style=\"--awb-border-top-left-radius:0px;--awb-border-top-right-radius:0px;--awb-border-bottom-left-radius:0px;--awb-border-bottom-right-radius:0px;\" role=\"alert\"><div class=\"fusion-alert-content-wrapper\"><span class=\"fusion-alert-content\"><\/span><\/div><button type=\"button\" class=\"close toggle-alert\" data-dismiss=\"alert\" aria-label=\"Close\">&times;<\/button><\/div>\n<\/form>\n<\/div>\n\n<\/div><div class=\"fusion-clearfix\"><\/div><\/div><\/div><div class=\"fusion-layout-column fusion_builder_column fusion-builder-column-1 fusion_builder_column_1_3 1_3 fusion-one-third fusion-column-last\" style=\"--awb-padding-top:10px;--awb-padding-right:10px;--awb-padding-bottom:10px;--awb-padding-left:10px;--awb-bg-color:rgba(232,232,232,0.83);--awb-bg-color-hover:rgba(232,232,232,0.83);--awb-bg-size:cover;--awb-border-color:#aaaaaa;--awb-border-top:1px;--awb-border-right:1px;--awb-border-bottom:1px;--awb-border-left:1px;--awb-border-style:solid;width:33.333333333333%;width:calc(33.333333333333% - ( ( 4% ) * 0.33333333333333 ) );\"><div class=\"fusion-column-wrapper fusion-flex-column-wrapper-legacy\"><div class=\"fusion-text fusion-text-2\"><p style=\"text-align: center;\"><span style=\"color: #ff6600;\"><strong>Tehni\u010dni podatki<\/strong><\/span><\/p>\n<ul>\n<li><span style=\"color: #000000;\"><strong>Dimenzije<\/strong>: 1025 mm \/ \u00d8 371 mm<\/span><\/li>\n<li><strong>Gorivo<\/strong>: LPG<\/li>\n<li><strong>Te\u017ea:<\/strong> 11 kg<\/li>\n<li><strong>Toplotna mo\u010d: <\/strong>5 &#8211; 5 kW<\/li>\n<li><strong>Material<\/strong>: jeklo<\/li>\n<\/ul>\n<p style=\"text-align: center;\"><span style=\"color: #ff6600;\"><strong>Glavne prednosti<\/strong><\/span><\/p>\n<ul>\n<li><strong>Regulacija plamena<\/strong><\/li>\n<li><strong>Samo stoje\u010di kamin<\/strong><\/li>\n<li><strong>Brez potrebne predpriprave za monta\u017eo<\/strong><\/li>\n<li><strong>Plug &amp; play<\/strong><\/li>\n<li><strong>Za\u0161\u010dita s steklom<\/strong><\/li>\n<li><strong>Eko-prijazno okolju<\/strong><\/li>\n<\/ul>\n<\/div><div class=\"fusion-clearfix\"><\/div><\/div><\/div><\/div><\/div>\n","protected":false},"excerpt":{"rendered":"<p>Izniman spoj funkcionalnosti i dizajna koji \u0107e va\u0161 vrt ili terasu pretvoriti u \u0161armantno i toplo uto\u010di\u0161te. Izra\u0111en od pocin\u010danog \u010delika, otporan je na hr\u0111u i najte\u017ee vremenske uvjete. Plamen je za\u0161ti\u0107en kaljenim staklom.<\/p>\n<p>To je potpuno novi dodatak va\u0161em vanjskom prostoru za nadolaze\u0107u ljetnu sezonu \u2013 tako \u0107e ve\u010deri na otvorenom biti du\u017ei i topliji!.<\/p>\n","protected":false},"featured_media":20028,"template":"","meta":[],"product_brand":[],"product_cat":[195],"product_tag":[],"class_list":{"0":"post-20014","1":"product","2":"type-product","3":"status-publish","4":"has-post-thumbnail","6":"product_cat-vrtni-plinski-kamini","8":"first","9":"instock","10":"shipping-taxable","11":"product-type-simple"},"yoast_head":"<!-- This site is optimized with the Yoast SEO plugin v26.7 - https:\/\/yoast.com\/wordpress\/plugins\/seo\/ -->\n<title>Vrtni plinski kamin Bino - Deco kamini<\/title>\n<meta name=\"description\" content=\"Izuzetan plinski vrtni kamin koji \u0107e va\u0161 vrt ili terasu pretvoriti u \u0161armantno i toplo uto\u010di\u0161te.\" \/>\n<meta name=\"robots\" content=\"index, follow, max-snippet:-1, max-image-preview:large, max-video-preview:-1\" \/>\n<link rel=\"canonical\" href=\"https:\/\/kamini-bioetanol.si\/hr\/kolekcija\/vrtni-plinski-kamin-bino\/\" \/>\n<meta property=\"og:locale\" content=\"hr_HR\" \/>\n<meta property=\"og:type\" content=\"article\" \/>\n<meta property=\"og:title\" content=\"Vrtni plinski kamin Bino - Deco kamini\" \/>\n<meta property=\"og:description\" content=\"Izuzetan plinski vrtni kamin koji \u0107e va\u0161 vrt ili terasu pretvoriti u \u0161armantno i toplo uto\u010di\u0161te.\" \/>\n<meta property=\"og:url\" content=\"https:\/\/kamini-bioetanol.si\/hr\/kolekcija\/vrtni-plinski-kamin-bino\/\" \/>\n<meta property=\"og:site_name\" content=\"Kamini na bioetanol\" \/>\n<meta property=\"article:modified_time\" content=\"2024-07-03T13:16:31+00:00\" \/>\n<meta property=\"og:image\" content=\"https:\/\/kamini-bioetanol.si\/wp-content\/uploads\/2024\/06\/Kamin-na-plin-Bino_6-1.jpg\" \/>\n\t<meta property=\"og:image:width\" content=\"1200\" \/>\n\t<meta property=\"og:image:height\" content=\"888\" \/>\n\t<meta property=\"og:image:type\" content=\"image\/jpeg\" \/>\n<meta name=\"twitter:card\" content=\"summary_large_image\" \/>\n<meta name=\"twitter:label1\" content=\"Procijenjeno vrijeme \u010ditanja\" \/>\n\t<meta name=\"twitter:data1\" content=\"1 minuta\" \/>\n<script type=\"application\/ld+json\" class=\"yoast-schema-graph\">{\"@context\":\"https:\/\/schema.org\",\"@graph\":[{\"@type\":\"WebPage\",\"@id\":\"https:\/\/kamini-bioetanol.si\/hr\/kolekcija\/vrtni-plinski-kamin-bino\/\",\"url\":\"https:\/\/kamini-bioetanol.si\/hr\/kolekcija\/vrtni-plinski-kamin-bino\/\",\"name\":\"Vrtni plinski kamin Bino - Deco kamini\",\"isPartOf\":{\"@id\":\"https:\/\/kamini-bioetanol.si\/#website\"},\"primaryImageOfPage\":{\"@id\":\"https:\/\/kamini-bioetanol.si\/hr\/kolekcija\/vrtni-plinski-kamin-bino\/#primaryimage\"},\"image\":{\"@id\":\"https:\/\/kamini-bioetanol.si\/hr\/kolekcija\/vrtni-plinski-kamin-bino\/#primaryimage\"},\"thumbnailUrl\":\"https:\/\/kamini-bioetanol.si\/wp-content\/uploads\/2024\/06\/Kamin-na-plin-Bino_6-1.jpg\",\"datePublished\":\"2024-06-27T10:02:33+00:00\",\"dateModified\":\"2024-07-03T13:16:31+00:00\",\"description\":\"Izuzetan plinski vrtni kamin koji \u0107e va\u0161 vrt ili terasu pretvoriti u \u0161armantno i toplo uto\u010di\u0161te.\",\"breadcrumb\":{\"@id\":\"https:\/\/kamini-bioetanol.si\/hr\/kolekcija\/vrtni-plinski-kamin-bino\/#breadcrumb\"},\"inLanguage\":\"hr\",\"potentialAction\":[{\"@type\":\"ReadAction\",\"target\":[\"https:\/\/kamini-bioetanol.si\/hr\/kolekcija\/vrtni-plinski-kamin-bino\/\"]}]},{\"@type\":\"ImageObject\",\"inLanguage\":\"hr\",\"@id\":\"https:\/\/kamini-bioetanol.si\/hr\/kolekcija\/vrtni-plinski-kamin-bino\/#primaryimage\",\"url\":\"https:\/\/kamini-bioetanol.si\/wp-content\/uploads\/2024\/06\/Kamin-na-plin-Bino_6-1.jpg\",\"contentUrl\":\"https:\/\/kamini-bioetanol.si\/wp-content\/uploads\/2024\/06\/Kamin-na-plin-Bino_6-1.jpg\",\"width\":1200,\"height\":888,\"caption\":\"Kamin na plin Bino\"},{\"@type\":\"BreadcrumbList\",\"@id\":\"https:\/\/kamini-bioetanol.si\/hr\/kolekcija\/vrtni-plinski-kamin-bino\/#breadcrumb\",\"itemListElement\":[{\"@type\":\"ListItem\",\"position\":1,\"name\":\"Home\",\"item\":\"https:\/\/kamini-bioetanol.si\/hr\/\"},{\"@type\":\"ListItem\",\"position\":2,\"name\":\"Izdelki\",\"item\":\"https:\/\/kamini-bioetanol.si\/shop\/\"},{\"@type\":\"ListItem\",\"position\":3,\"name\":\"Vrtni plinski kamin Bino\"}]},{\"@type\":\"WebSite\",\"@id\":\"https:\/\/kamini-bioetanol.si\/#website\",\"url\":\"https:\/\/kamini-bioetanol.si\/\",\"name\":\"Kamini na bioetanol\",\"description\":\"Kamini, ki ne potrebuje dimnika\",\"potentialAction\":[{\"@type\":\"SearchAction\",\"target\":{\"@type\":\"EntryPoint\",\"urlTemplate\":\"https:\/\/kamini-bioetanol.si\/?s={search_term_string}\"},\"query-input\":{\"@type\":\"PropertyValueSpecification\",\"valueRequired\":true,\"valueName\":\"search_term_string\"}}],\"inLanguage\":\"hr\"}]}<\/script>\n<!-- \/ Yoast SEO plugin. -->","yoast_head_json":{"title":"Vrtni plinski kamin Bino - Deco kamini","description":"Izuzetan plinski vrtni kamin koji \u0107e va\u0161 vrt ili terasu pretvoriti u \u0161armantno i toplo uto\u010di\u0161te.","robots":{"index":"index","follow":"follow","max-snippet":"max-snippet:-1","max-image-preview":"max-image-preview:large","max-video-preview":"max-video-preview:-1"},"canonical":"https:\/\/kamini-bioetanol.si\/hr\/kolekcija\/vrtni-plinski-kamin-bino\/","og_locale":"hr_HR","og_type":"article","og_title":"Vrtni plinski kamin Bino - Deco kamini","og_description":"Izuzetan plinski vrtni kamin koji \u0107e va\u0161 vrt ili terasu pretvoriti u \u0161armantno i toplo uto\u010di\u0161te.","og_url":"https:\/\/kamini-bioetanol.si\/hr\/kolekcija\/vrtni-plinski-kamin-bino\/","og_site_name":"Kamini na bioetanol","article_modified_time":"2024-07-03T13:16:31+00:00","og_image":[{"width":1200,"height":888,"url":"https:\/\/kamini-bioetanol.si\/wp-content\/uploads\/2024\/06\/Kamin-na-plin-Bino_6-1.jpg","type":"image\/jpeg"}],"twitter_card":"summary_large_image","twitter_misc":{"Procijenjeno vrijeme \u010ditanja":"1 minuta"},"schema":{"@context":"https:\/\/schema.org","@graph":[{"@type":"WebPage","@id":"https:\/\/kamini-bioetanol.si\/hr\/kolekcija\/vrtni-plinski-kamin-bino\/","url":"https:\/\/kamini-bioetanol.si\/hr\/kolekcija\/vrtni-plinski-kamin-bino\/","name":"Vrtni plinski kamin Bino - Deco kamini","isPartOf":{"@id":"https:\/\/kamini-bioetanol.si\/#website"},"primaryImageOfPage":{"@id":"https:\/\/kamini-bioetanol.si\/hr\/kolekcija\/vrtni-plinski-kamin-bino\/#primaryimage"},"image":{"@id":"https:\/\/kamini-bioetanol.si\/hr\/kolekcija\/vrtni-plinski-kamin-bino\/#primaryimage"},"thumbnailUrl":"https:\/\/kamini-bioetanol.si\/wp-content\/uploads\/2024\/06\/Kamin-na-plin-Bino_6-1.jpg","datePublished":"2024-06-27T10:02:33+00:00","dateModified":"2024-07-03T13:16:31+00:00","description":"Izuzetan plinski vrtni kamin koji \u0107e va\u0161 vrt ili terasu pretvoriti u \u0161armantno i toplo uto\u010di\u0161te.","breadcrumb":{"@id":"https:\/\/kamini-bioetanol.si\/hr\/kolekcija\/vrtni-plinski-kamin-bino\/#breadcrumb"},"inLanguage":"hr","potentialAction":[{"@type":"ReadAction","target":["https:\/\/kamini-bioetanol.si\/hr\/kolekcija\/vrtni-plinski-kamin-bino\/"]}]},{"@type":"ImageObject","inLanguage":"hr","@id":"https:\/\/kamini-bioetanol.si\/hr\/kolekcija\/vrtni-plinski-kamin-bino\/#primaryimage","url":"https:\/\/kamini-bioetanol.si\/wp-content\/uploads\/2024\/06\/Kamin-na-plin-Bino_6-1.jpg","contentUrl":"https:\/\/kamini-bioetanol.si\/wp-content\/uploads\/2024\/06\/Kamin-na-plin-Bino_6-1.jpg","width":1200,"height":888,"caption":"Kamin na plin Bino"},{"@type":"BreadcrumbList","@id":"https:\/\/kamini-bioetanol.si\/hr\/kolekcija\/vrtni-plinski-kamin-bino\/#breadcrumb","itemListElement":[{"@type":"ListItem","position":1,"name":"Home","item":"https:\/\/kamini-bioetanol.si\/hr\/"},{"@type":"ListItem","position":2,"name":"Izdelki","item":"https:\/\/kamini-bioetanol.si\/shop\/"},{"@type":"ListItem","position":3,"name":"Vrtni plinski kamin Bino"}]},{"@type":"WebSite","@id":"https:\/\/kamini-bioetanol.si\/#website","url":"https:\/\/kamini-bioetanol.si\/","name":"Kamini na bioetanol","description":"Kamini, ki ne potrebuje dimnika","potentialAction":[{"@type":"SearchAction","target":{"@type":"EntryPoint","urlTemplate":"https:\/\/kamini-bioetanol.si\/?s={search_term_string}"},"query-input":{"@type":"PropertyValueSpecification","valueRequired":true,"valueName":"search_term_string"}}],"inLanguage":"hr"}]}},"_links":{"self":[{"href":"https:\/\/kamini-bioetanol.si\/hr\/wp-json\/wp\/v2\/product\/20014","targetHints":{"allow":["GET"]}}],"collection":[{"href":"https:\/\/kamini-bioetanol.si\/hr\/wp-json\/wp\/v2\/product"}],"about":[{"href":"https:\/\/kamini-bioetanol.si\/hr\/wp-json\/wp\/v2\/types\/product"}],"wp:featuredmedia":[{"embeddable":true,"href":"https:\/\/kamini-bioetanol.si\/hr\/wp-json\/wp\/v2\/media\/20028"}],"wp:attachment":[{"href":"https:\/\/kamini-bioetanol.si\/hr\/wp-json\/wp\/v2\/media?parent=20014"}],"wp:term":[{"taxonomy":"product_brand","embeddable":true,"href":"https:\/\/kamini-bioetanol.si\/hr\/wp-json\/wp\/v2\/product_brand?post=20014"},{"taxonomy":"product_cat","embeddable":true,"href":"https:\/\/kamini-bioetanol.si\/hr\/wp-json\/wp\/v2\/product_cat?post=20014"},{"taxonomy":"product_tag","embeddable":true,"href":"https:\/\/kamini-bioetanol.si\/hr\/wp-json\/wp\/v2\/product_tag?post=20014"}],"curies":[{"name":"wp","href":"https:\/\/api.w.org\/{rel}","templated":true}]}}